{"id":411,"date":"2020-01-12T17:22:03","date_gmt":"2020-01-13T01:22:03","guid":{"rendered":"https:\/\/nurseryseedingmachine.com\/?page_id=411"},"modified":"2024-10-30T15:18:30","modified_gmt":"2024-10-30T07:18:30","slug":"products","status":"publish","type":"page","link":"https:\/\/nurseryseedingmachine.com\/pt\/products\/","title":{"rendered":"Produtos"},"content":{"rendered":"<div data-elementor-type=\"wp-page\" data-elementor-id=\"411\" class=\"elementor elementor-411\" data-elementor-post-type=\"page\"> \t\t\t\t<div class=\"elementor-element elementor-element-b7ac4e1 e-con-full e-flex e-con e-parent\" data-id=\"b7ac4e1\" data-element_type=\"container\" data-e-type=\"container\" data-settings=\"{&quot;background_background&quot;:&quot;classic&quot;}\"> \t\t\t\t<div class=\"elementor-element elementor-element-d938d4c elementor-widget elementor-widget-heading\" data-id=\"d938d4c\" data-element_type=\"widget\" data-e-type=\"widget\" data-widget_type=\"heading.default\"> \t\t\t\t\t<h1 class=\"elementor-heading-title elementor-size-default\">M\u00e1quinas semeadoras para viveiros<\/h1>\t\t\t\t<\/div> \t\t\t\t<\/div> \t\t<div class=\"elementor-element elementor-element-d452240 e-flex e-con-boxed e-con e-parent\" data-id=\"d452240\" data-element_type=\"container\" data-e-type=\"container\"> \t\t\t\t\t<div class=\"e-con-inner\"> \t\t\t\t<div class=\"elementor-element elementor-element-259fe7b elementor-posts--align-center elementor-grid-3 elementor-grid-tablet-2 elementor-grid-mobile-1 elementor-posts--thumbnail-top elementor-widget elementor-widget-posts\" data-id=\"259fe7b\" data-element_type=\"widget\" data-e-type=\"widget\" data-settings=\"{&quot;classic_columns&quot;:&quot;3&quot;,&quot;classic_columns_tablet&quot;:&quot;2&quot;,&quot;classic_columns_mobile&quot;:&quot;1&quot;,&quot;classic_row_gap&quot;:{&quot;unit&quot;:&quot;px&quot;,&quot;size&quot;:35,&quot;sizes&quot;:[]},&quot;classic_row_gap_tablet&quot;:{&quot;unit&quot;:&quot;px&quot;,&quot;size&quot;:&quot;&quot;,&quot;sizes&quot;:[]},&quot;classic_row_gap_mobile&quot;:{&quot;unit&quot;:&quot;px&quot;,&quot;size&quot;:&quot;&quot;,&quot;sizes&quot;:[]}}\" data-widget_type=\"posts.classic\"> \t\t\t\t<div class=\"elementor-widget-container\"> \t\t\t\t\t\t\t<div class=\"elementor-posts-container elementor-posts elementor-posts--skin-classic elementor-grid\" role=\"list\"> \t\t\t\t<article class=\"elementor-post elementor-grid-item post-3154 post type-post status-publish format-standard has-post-thumbnail hentry category-vegetable-transplanter tag-flower-transplanter tag-peony-transplanter tag-peony-transplanting tag-transplant tag-transplanting-machine\" role=\"listitem\"> \t\t\t\t<a class=\"elementor-post__thumbnail__link\" href=\"https:\/\/nurseryseedingmachine.com\/pt\/peony-transplanter\/\" tabindex=\"-1\" > \t\t\t<div class=\"elementor-post__thumbnail\"><img fetchpriority=\"high\" decoding=\"async\" width=\"720\" height=\"540\" src=\"https:\/\/nurseryseedingmachine.com\/wp-content\/uploads\/2022\/05\/Peony-Transplanter.webp\" class=\"attachment-full size-full wp-image-8418\" alt=\"Transplantador de pe\u00f4nia\" \/><\/div> \t\t<\/a> \t\t\t\t<div class=\"elementor-post__text\"> \t\t\t\t<h2 class=\"elementor-post__title\"> \t\t\t<a href=\"https:\/\/nurseryseedingmachine.com\/pt\/peony-transplanter\/\" > \t\t\t\tTransplantador de Pe\u00f4nia | M\u00e1quina transplantadora de vegetais\t\t\t<\/a> \t\t<\/h2> \t\t\t\t<\/div> \t\t\t\t<\/article> \t\t\t\t<article class=\"elementor-post elementor-grid-item post-3073 post type-post status-publish format-standard has-post-thumbnail hentry category-vegetable-transplanter tag-lettuce-seedlings tag-lettuce-transplanter tag-planting-lettuce-seeds tag-romaine-lettuce tag-transplant tag-transplanting-lettuce-seedlings tag-vegetable-transplanter\" role=\"listitem\"> \t\t\t\t<a class=\"elementor-post__thumbnail__link\" href=\"https:\/\/nurseryseedingmachine.com\/pt\/lettuce-transplanter\/\" tabindex=\"-1\" > \t\t\t<div class=\"elementor-post__thumbnail\"><img decoding=\"async\" width=\"720\" height=\"540\" src=\"https:\/\/nurseryseedingmachine.com\/wp-content\/uploads\/2022\/04\/Lettuce-Transplanter.webp\" class=\"attachment-full size-full wp-image-8421\" alt=\"Transplantador de alface\" \/><\/div> \t\t<\/a> \t\t\t\t<div class=\"elementor-post__text\"> \t\t\t\t<h2 class=\"elementor-post__title\"> \t\t\t<a href=\"https:\/\/nurseryseedingmachine.com\/pt\/lettuce-transplanter\/\" > \t\t\t\tTransplantador de alface\t\t\t<\/a> \t\t<\/h2> \t\t\t\t<\/div> \t\t\t\t<\/article> \t\t\t\t<article class=\"elementor-post elementor-grid-item post-3038 post type-post status-publish format-standard has-post-thumbnail hentry category-vegetable-transplanter tag-cucumber-transplanter tag-transplant\" role=\"listitem\"> \t\t\t\t<a class=\"elementor-post__thumbnail__link\" href=\"https:\/\/nurseryseedingmachine.com\/pt\/cucumber-transplanter\/\" tabindex=\"-1\" > \t\t\t<div class=\"elementor-post__thumbnail\"><img decoding=\"async\" width=\"720\" height=\"540\" src=\"https:\/\/nurseryseedingmachine.com\/wp-content\/uploads\/2022\/04\/Cucumber-Transplanter.webp\" class=\"attachment-full size-full wp-image-8423\" alt=\"Transplantador de Pepino\" \/><\/div> \t\t<\/a> \t\t\t\t<div class=\"elementor-post__text\"> \t\t\t\t<h2 class=\"elementor-post__title\"> \t\t\t<a href=\"https:\/\/nurseryseedingmachine.com\/pt\/cucumber-transplanter\/\" > \t\t\t\tTransplantador de Pepino\t\t\t<\/a> \t\t<\/h2> \t\t\t\t<\/div> \t\t\t\t<\/article> \t\t\t\t<article class=\"elementor-post elementor-grid-item post-2585 post type-post status-publish format-standard has-post-thumbnail hentry category-nursery-seeding tag-flower-nursery-seedling-machine tag-seeding\" role=\"listitem\"> \t\t\t\t<a class=\"elementor-post__thumbnail__link\" href=\"https:\/\/nurseryseedingmachine.com\/pt\/flower-nursery-seedling-machine\/\" tabindex=\"-1\" > \t\t\t<div class=\"elementor-post__thumbnail\"><img loading=\"lazy\" decoding=\"async\" width=\"720\" height=\"540\" src=\"https:\/\/nurseryseedingmachine.com\/wp-content\/uploads\/2022\/03\/flower-nursery-seedling-machine.webp\" class=\"attachment-full size-full wp-image-8416\" alt=\"M\u00e1quina de mudas para viveiro de flores\" \/><\/div> \t\t<\/a> \t\t\t\t<div class=\"elementor-post__text\"> \t\t\t\t<h2 class=\"elementor-post__title\"> \t\t\t<a href=\"https:\/\/nurseryseedingmachine.com\/pt\/flower-nursery-seedling-machine\/\" > \t\t\t\tM\u00e1quina de mudas para viveiro de flores\t\t\t<\/a> \t\t<\/h2> \t\t\t\t<\/div> \t\t\t\t<\/article> \t\t\t\t<article class=\"elementor-post elementor-grid-item post-2558 post type-post status-publish format-standard has-post-thumbnail hentry category-nursery-seeding tag-seeding tag-vegetable-nursery-seedling-machine\" role=\"listitem\"> \t\t\t\t<a class=\"elementor-post__thumbnail__link\" href=\"https:\/\/nurseryseedingmachine.com\/pt\/vegetable-nursery-seedling-machine\/\" tabindex=\"-1\" > \t\t\t<div class=\"elementor-post__thumbnail\"><img loading=\"lazy\" decoding=\"async\" width=\"720\" height=\"540\" src=\"https:\/\/nurseryseedingmachine.com\/wp-content\/uploads\/2022\/03\/Vegetable-Nursery-Seedling-Machine.webp\" class=\"attachment-full size-full wp-image-8443\" alt=\"M\u00e1quina de mudas para viveiro de vegetais\" \/><\/div> \t\t<\/a> \t\t\t\t<div class=\"elementor-post__text\"> \t\t\t\t<h2 class=\"elementor-post__title\"> \t\t\t<a href=\"https:\/\/nurseryseedingmachine.com\/pt\/vegetable-nursery-seedling-machine\/\" > \t\t\t\t\u00a0M\u00e1quina de mudas para viveiro de vegetais\t\t\t<\/a> \t\t<\/h2> \t\t\t\t<\/div> \t\t\t\t<\/article> \t\t\t\t<article class=\"elementor-post elementor-grid-item post-2522 post type-post status-publish format-standard has-post-thumbnail hentry category-nursery-seeding tag-melon-nursery-seedling-machine tag-seeding\" role=\"listitem\"> \t\t\t\t<a class=\"elementor-post__thumbnail__link\" href=\"https:\/\/nurseryseedingmachine.com\/pt\/melon-nursery-seedling-machine\/\" tabindex=\"-1\" > \t\t\t<div class=\"elementor-post__thumbnail\"><img loading=\"lazy\" decoding=\"async\" width=\"720\" height=\"540\" src=\"https:\/\/nurseryseedingmachine.com\/wp-content\/uploads\/2022\/03\/Melon-Nursery-Seedling-Machine.webp\" class=\"attachment-full size-full wp-image-8412\" alt=\"M\u00e1quina de mudas para viveiro de mel\u00e3o\" \/><\/div> \t\t<\/a> \t\t\t\t<div class=\"elementor-post__text\"> \t\t\t\t<h2 class=\"elementor-post__title\"> \t\t\t<a href=\"https:\/\/nurseryseedingmachine.com\/pt\/melon-nursery-seedling-machine\/\" > \t\t\t\tM\u00e1quina de mudas para viveiro de mel\u00e3o\t\t\t<\/a> \t\t<\/h2> \t\t\t\t<\/div> \t\t\t\t<\/article> \t\t\t\t<article class=\"elementor-post elementor-grid-item post-2475 post type-post status-publish format-standard has-post-thumbnail hentry category-vegetable-transplanter tag-tobacco-transplanter tag-transplant\" role=\"listitem\"> \t\t\t\t<a class=\"elementor-post__thumbnail__link\" href=\"https:\/\/nurseryseedingmachine.com\/pt\/tobacco-transplanter-vegetable-transplanter\/\" tabindex=\"-1\" > \t\t\t<div class=\"elementor-post__thumbnail\"><img loading=\"lazy\" decoding=\"async\" width=\"720\" height=\"540\" src=\"https:\/\/nurseryseedingmachine.com\/wp-content\/uploads\/2022\/03\/Tobacco-Transplanter.webp\" class=\"attachment-full size-full wp-image-8410\" alt=\"Transplantador de tabaco\" \/><\/div> \t\t<\/a> \t\t\t\t<div class=\"elementor-post__text\"> \t\t\t\t<h2 class=\"elementor-post__title\"> \t\t\t<a href=\"https:\/\/nurseryseedingmachine.com\/pt\/tobacco-transplanter-vegetable-transplanter\/\" > \t\t\t\tTransplantador de tabaco\t\t\t<\/a> \t\t<\/h2> \t\t\t\t<\/div> \t\t\t\t<\/article> \t\t\t\t<article class=\"elementor-post elementor-grid-item post-2440 post type-post status-publish format-standard has-post-thumbnail hentry category-vegetable-transplanter tag-hemp-transplanter tag-transplant\" role=\"listitem\"> \t\t\t\t<a class=\"elementor-post__thumbnail__link\" href=\"https:\/\/nurseryseedingmachine.com\/pt\/hemp-transplanter\/\" tabindex=\"-1\" > \t\t\t<div class=\"elementor-post__thumbnail\"><img loading=\"lazy\" decoding=\"async\" width=\"720\" height=\"540\" src=\"https:\/\/nurseryseedingmachine.com\/wp-content\/uploads\/2022\/03\/Hemp-Transplanter.webp\" class=\"attachment-full size-full wp-image-8425\" alt=\"Transplantador de c\u00e2nhamo\" \/><\/div> \t\t<\/a> \t\t\t\t<div class=\"elementor-post__text\"> \t\t\t\t<h2 class=\"elementor-post__title\"> \t\t\t<a href=\"https:\/\/nurseryseedingmachine.com\/pt\/hemp-transplanter\/\" > \t\t\t\tTransplantador de c\u00e2nhamo\t\t\t<\/a> \t\t<\/h2> \t\t\t\t<\/div> \t\t\t\t<\/article> \t\t\t\t<article class=\"elementor-post elementor-grid-item post-2400 post type-post status-publish format-standard has-post-thumbnail hentry category-vegetable-transplanter tag-chili-transplanter tag-self-propelled-transplanter tag-transplant tag-transplanting-machine\" role=\"listitem\"> \t\t\t\t<a class=\"elementor-post__thumbnail__link\" href=\"https:\/\/nurseryseedingmachine.com\/pt\/chili-pepper-seedlings-transplanting-machine-self-propelled-transplanter\/\" tabindex=\"-1\" > \t\t\t<div class=\"elementor-post__thumbnail\"><img loading=\"lazy\" decoding=\"async\" width=\"720\" height=\"540\" src=\"https:\/\/nurseryseedingmachine.com\/wp-content\/uploads\/2022\/03\/Self-propelled-Chili-Pepper-Seedlings-Transplanter.webp\" class=\"attachment-full size-full wp-image-8427\" alt=\"Transplantador autopropelido de mudas de pimenta\" \/><\/div> \t\t<\/a> \t\t\t\t<div class=\"elementor-post__text\"> \t\t\t\t<h2 class=\"elementor-post__title\"> \t\t\t<a href=\"https:\/\/nurseryseedingmachine.com\/pt\/chili-pepper-seedlings-transplanting-machine-self-propelled-transplanter\/\" > \t\t\t\tTransplantador de mudas de pimenta malagueta\t\t\t<\/a> \t\t<\/h2> \t\t\t\t<\/div> \t\t\t\t<\/article> \t\t\t\t<article class=\"elementor-post elementor-grid-item post-2354 post type-post status-publish format-standard has-post-thumbnail hentry category-vegetable-transplanter tag-tomato-transplanter\" role=\"listitem\"> \t\t\t\t<a class=\"elementor-post__thumbnail__link\" href=\"https:\/\/nurseryseedingmachine.com\/pt\/tomato-transplanter-vegetable-transplanter-crawler-transplanter\/\" tabindex=\"-1\" > \t\t\t<div class=\"elementor-post__thumbnail\"><img loading=\"lazy\" decoding=\"async\" width=\"720\" height=\"540\" src=\"https:\/\/nurseryseedingmachine.com\/wp-content\/uploads\/2022\/02\/Crawler-Type-Tomato-Transplanter-Machine.webp\" class=\"attachment-full size-full wp-image-8429\" alt=\"M\u00e1quina transplantadora de tomate tipo esteira rolante\" \/><\/div> \t\t<\/a> \t\t\t\t<div class=\"elementor-post__text\"> \t\t\t\t<h2 class=\"elementor-post__title\"> \t\t\t<a href=\"https:\/\/nurseryseedingmachine.com\/pt\/tomato-transplanter-vegetable-transplanter-crawler-transplanter\/\" > \t\t\t\tM\u00e1quina transplantadora de tomate tipo esteira rolante\t\t\t<\/a> \t\t<\/h2> \t\t\t\t<\/div> \t\t\t\t<\/article> \t\t\t\t<article class=\"elementor-post elementor-grid-item post-2092 post type-post status-publish format-standard has-post-thumbnail hentry category-vegetable-transplanter tag-transplant\" role=\"listitem\"> \t\t\t\t<a class=\"elementor-post__thumbnail__link\" href=\"https:\/\/nurseryseedingmachine.com\/pt\/onion-transplanter-tractor-type-vegetable-transplanter\/\" tabindex=\"-1\" > \t\t\t<div class=\"elementor-post__thumbnail\"><img loading=\"lazy\" decoding=\"async\" width=\"720\" height=\"540\" src=\"https:\/\/nurseryseedingmachine.com\/wp-content\/uploads\/2022\/02\/Tractor-Type-Onion-Transplanter-Machine.webp\" class=\"attachment-full size-full wp-image-8431\" alt=\"M\u00e1quina transplantadora de cebola tipo trator\" \/><\/div> \t\t<\/a> \t\t\t\t<div class=\"elementor-post__text\"> \t\t\t\t<h2 class=\"elementor-post__title\"> \t\t\t<a href=\"https:\/\/nurseryseedingmachine.com\/pt\/onion-transplanter-tractor-type-vegetable-transplanter\/\" > \t\t\t\tM\u00e1quina transplantadora de cebola para plantio de mudas\t\t\t<\/a> \t\t<\/h2> \t\t\t\t<\/div> \t\t\t\t<\/article> \t\t\t\t<article class=\"elementor-post elementor-grid-item post-1989 post type-post status-publish format-standard has-post-thumbnail hentry category-nursery-seeding tag-automatic-seeding-machine tag-seeding\" role=\"listitem\"> \t\t\t\t<a class=\"elementor-post__thumbnail__link\" href=\"https:\/\/nurseryseedingmachine.com\/pt\/automatic-seeding-machine-for-fruits-vegetables-and-flowers\/\" tabindex=\"-1\" > \t\t\t<div class=\"elementor-post__thumbnail\"><img loading=\"lazy\" decoding=\"async\" width=\"720\" height=\"540\" src=\"https:\/\/nurseryseedingmachine.com\/wp-content\/uploads\/2022\/02\/automatic-seeding-machine.webp\" class=\"attachment-full size-full wp-image-8441\" alt=\"M\u00e1quina de semeadura autom\u00e1tica\" \/><\/div> \t\t<\/a> \t\t\t\t<div class=\"elementor-post__text\"> \t\t\t\t<h2 class=\"elementor-post__title\"> \t\t\t<a href=\"https:\/\/nurseryseedingmachine.com\/pt\/automatic-seeding-machine-for-fruits-vegetables-and-flowers\/\" > \t\t\t\tM\u00e1quina Semeadora Autom\u00e1tica de Frutas, Legumes e Flores\t\t\t<\/a> \t\t<\/h2> \t\t\t\t<\/div> \t\t\t\t<\/article> \t\t\t\t<article class=\"elementor-post elementor-grid-item post-923 post type-post status-publish format-standard has-post-thumbnail hentry category-nursery-seeding tag-cabbage tag-cauliflower tag-cucumber tag-onion tag-pepper tag-seeding tag-vegetable tag-vegetable-nursery-seeder-machine\" role=\"listitem\"> \t\t\t\t<a class=\"elementor-post__thumbnail__link\" href=\"https:\/\/nurseryseedingmachine.com\/pt\/vegetable-nursery-seeder-greenhouse-seeding-machine\/\" tabindex=\"-1\" > \t\t\t<div class=\"elementor-post__thumbnail\"><img loading=\"lazy\" decoding=\"async\" width=\"720\" height=\"540\" src=\"https:\/\/nurseryseedingmachine.com\/wp-content\/uploads\/2021\/04\/vegetable-nursery-seeder-machine.webp\" class=\"attachment-full size-full wp-image-8414\" alt=\"M\u00e1quina semeadora de viveiro de vegetais\" \/><\/div> \t\t<\/a> \t\t\t\t<div class=\"elementor-post__text\"> \t\t\t\t<h2 class=\"elementor-post__title\"> \t\t\t<a href=\"https:\/\/nurseryseedingmachine.com\/pt\/vegetable-nursery-seeder-greenhouse-seeding-machine\/\" > \t\t\t\tM\u00e1quina semeadora de viveiro de vegetais para semeadura em estufa\t\t\t<\/a> \t\t<\/h2> \t\t\t\t<\/div> \t\t\t\t<\/article> \t\t\t\t<article class=\"elementor-post elementor-grid-item post-583 post type-post status-publish format-standard has-post-thumbnail hentry category-vegetable-transplanter tag-seedlings-transplanting tag-transplant\" role=\"listitem\"> \t\t\t\t<a class=\"elementor-post__thumbnail__link\" href=\"https:\/\/nurseryseedingmachine.com\/pt\/vegetable-transplanter-seedling-transplanter-machine\/\" tabindex=\"-1\" > \t\t\t<div class=\"elementor-post__thumbnail\"><img loading=\"lazy\" decoding=\"async\" width=\"720\" height=\"540\" src=\"https:\/\/nurseryseedingmachine.com\/wp-content\/uploads\/2020\/01\/Vegetable-Transplanter-.webp\" class=\"attachment-full size-full wp-image-8408\" alt=\"Transplantador de Vegetais\" \/><\/div> \t\t<\/a> \t\t\t\t<div class=\"elementor-post__text\"> \t\t\t\t<h2 class=\"elementor-post__title\"> \t\t\t<a href=\"https:\/\/nurseryseedingmachine.com\/pt\/vegetable-transplanter-seedling-transplanter-machine\/\" > \t\t\t\tTransplantador de vegetais para mudas de cebola, tomate e repolho\t\t\t<\/a> \t\t<\/h2> \t\t\t\t<\/div> \t\t\t\t<\/article> \t\t\t\t<article class=\"elementor-post elementor-grid-item post-513 post type-post status-publish format-standard has-post-thumbnail hentry category-nursery-seeding tag-nursery-seeding-machine tag-nursery-sowing-machine tag-seeding\" role=\"listitem\"> \t\t\t\t<a class=\"elementor-post__thumbnail__link\" href=\"https:\/\/nurseryseedingmachine.com\/pt\/nursery-seeding-machine-sowing-machine\/\" tabindex=\"-1\" > \t\t\t<div class=\"elementor-post__thumbnail\"><img loading=\"lazy\" decoding=\"async\" width=\"720\" height=\"540\" src=\"https:\/\/nurseryseedingmachine.com\/wp-content\/uploads\/2020\/01\/Nursery-Seeding-Machine.webp\" class=\"attachment-full size-full wp-image-8406\" alt=\"M\u00e1quina de semeadura de ber\u00e7\u00e1rio\" \/><\/div> \t\t<\/a> \t\t\t\t<div class=\"elementor-post__text\"> \t\t\t\t<h2 class=\"elementor-post__title\"> \t\t\t<a href=\"https:\/\/nurseryseedingmachine.com\/pt\/nursery-seeding-machine-sowing-machine\/\" > \t\t\t\tM\u00e1quina autom\u00e1tica de semeadura de ber\u00e7\u00e1rio para semeadura de diversas sementes de vegetais\t\t\t<\/a> \t\t<\/h2> \t\t\t\t<\/div> \t\t\t\t<\/article> \t\t\t\t<article class=\"elementor-post elementor-grid-item post-470 post type-post status-publish format-standard has-post-thumbnail hentry category-nursery-seeding tag-seeding tag-seeding-machine tag-semi-automatic-nursery-seeding-machine\" role=\"listitem\"> \t\t\t\t<a class=\"elementor-post__thumbnail__link\" href=\"https:\/\/nurseryseedingmachine.com\/pt\/semi-automatic-nursery-seeding-machine\/\" tabindex=\"-1\" > \t\t\t<div class=\"elementor-post__thumbnail\"><img loading=\"lazy\" decoding=\"async\" width=\"720\" height=\"540\" src=\"https:\/\/nurseryseedingmachine.com\/wp-content\/uploads\/2020\/01\/Semi-automatic-Nursery-Seeding-Machine.webp\" class=\"attachment-full size-full wp-image-8397\" alt=\"m\u00e1quina semiautom\u00e1tica de semeadura de viveiro\" \/><\/div> \t\t<\/a> \t\t\t\t<div class=\"elementor-post__text\"> \t\t\t\t<h2 class=\"elementor-post__title\"> \t\t\t<a href=\"https:\/\/nurseryseedingmachine.com\/pt\/semi-automatic-nursery-seeding-machine\/\" > \t\t\t\tM\u00e1quina semiautom\u00e1tica de semeadura de viveiro para venda\t\t\t<\/a> \t\t<\/h2> \t\t\t\t<\/div> \t\t\t\t<\/article> \t\t\t\t<article class=\"elementor-post elementor-grid-item post-372 post type-post status-publish format-standard has-post-thumbnail hentry category-seedling-trays tag-seedling-trays\" role=\"listitem\"> \t\t\t\t<a class=\"elementor-post__thumbnail__link\" href=\"https:\/\/nurseryseedingmachine.com\/pt\/seedling-trays-plastic-nursery-tray\/\" tabindex=\"-1\" > \t\t\t<div class=\"elementor-post__thumbnail\"><img loading=\"lazy\" decoding=\"async\" width=\"900\" height=\"400\" src=\"https:\/\/nurseryseedingmachine.com\/wp-content\/uploads\/2020\/01\/seedling-trays.jpg\" class=\"attachment-full size-full wp-image-2323\" alt=\"bandejas de mudas\" srcset=\"https:\/\/nurseryseedingmachine.com\/wp-content\/uploads\/2020\/01\/seedling-trays.jpg 900w, https:\/\/nurseryseedingmachine.com\/wp-content\/uploads\/2020\/01\/seedling-trays-768x341.jpg 768w\" sizes=\"(max-width: 900px) 100vw, 900px\" \/><\/div> \t\t<\/a> \t\t\t\t<div class=\"elementor-post__text\"> \t\t\t\t<h2 class=\"elementor-post__title\"> \t\t\t<a href=\"https:\/\/nurseryseedingmachine.com\/pt\/seedling-trays-plastic-nursery-tray\/\" > \t\t\t\tBandejas de Mudas para Sementes de Flores e Vegetais\t\t\t<\/a> \t\t<\/h2> \t\t\t\t<\/div> \t\t\t\t<\/article> \t\t\t\t<\/div> \t\t \t\t\t\t\t\t<\/div> \t\t\t\t<\/div> \t\t\t\t\t<\/div> \t\t\t\t<\/div> \t\t\t\t<\/div>","protected":false},"excerpt":{"rendered":"<p>M\u00e1quinas semeadoras para viveiros<\/p>","protected":false},"author":1,"featured_media":0,"parent":0,"menu_order":0,"comment_status":"closed","ping_status":"closed","template":"","meta":{"footnotes":""},"class_list":["post-411","page","type-page","status-publish","hentry"],"_links":{"self":[{"href":"https:\/\/nurseryseedingmachine.com\/pt\/wp-json\/wp\/v2\/pages\/411","targetHints":{"allow":["GET"]}}],"collection":[{"href":"https:\/\/nurseryseedingmachine.com\/pt\/wp-json\/wp\/v2\/pages"}],"about":[{"href":"https:\/\/nurseryseedingmachine.com\/pt\/wp-json\/wp\/v2\/types\/page"}],"author":[{"embeddable":true,"href":"https:\/\/nurseryseedingmachine.com\/pt\/wp-json\/wp\/v2\/users\/1"}],"replies":[{"embeddable":true,"href":"https:\/\/nurseryseedingmachine.com\/pt\/wp-json\/wp\/v2\/comments?post=411"}],"version-history":[{"count":0,"href":"https:\/\/nurseryseedingmachine.com\/pt\/wp-json\/wp\/v2\/pages\/411\/revisions"}],"wp:attachment":[{"href":"https:\/\/nurseryseedingmachine.com\/pt\/wp-json\/wp\/v2\/media?parent=411"}],"curies":[{"name":"wp","href":"https:\/\/api.w.org\/{rel}","templated":true}]}}