{"id":411,"date":"2020-01-12T17:22:03","date_gmt":"2020-01-13T01:22:03","guid":{"rendered":"https:\/\/nurseryseedingmachine.com\/?page_id=411"},"modified":"2024-10-30T15:18:30","modified_gmt":"2024-10-30T07:18:30","slug":"products","status":"publish","type":"page","link":"https:\/\/nurseryseedingmachine.com\/vi\/products\/","title":{"rendered":"C\u00e1c s\u1ea3n ph\u1ea9m"},"content":{"rendered":"<div data-elementor-type=\"wp-page\" data-elementor-id=\"411\" class=\"elementor elementor-411\" data-elementor-post-type=\"page\"> \t\t\t\t<div class=\"elementor-element elementor-element-b7ac4e1 e-con-full e-flex e-con e-parent\" data-id=\"b7ac4e1\" data-element_type=\"container\" data-e-type=\"container\" data-settings=\"{&quot;background_background&quot;:&quot;classic&quot;}\"> \t\t\t\t<div class=\"elementor-element elementor-element-d938d4c elementor-widget elementor-widget-heading\" data-id=\"d938d4c\" data-element_type=\"widget\" data-e-type=\"widget\" data-widget_type=\"heading.default\"> \t\t\t\t\t<h1 class=\"elementor-heading-title elementor-size-default\">M\u00e1y gieo h\u1ea1t trong v\u01b0\u1eddn \u01b0\u01a1m<\/h1>\t\t\t\t<\/div> \t\t\t\t<\/div> \t\t<div class=\"elementor-element elementor-element-d452240 e-flex e-con-boxed e-con e-parent\" data-id=\"d452240\" data-element_type=\"container\" data-e-type=\"container\"> \t\t\t\t\t<div class=\"e-con-inner\"> \t\t\t\t<div class=\"elementor-element elementor-element-259fe7b elementor-posts--align-center elementor-grid-3 elementor-grid-tablet-2 elementor-grid-mobile-1 elementor-posts--thumbnail-top elementor-widget elementor-widget-posts\" data-id=\"259fe7b\" data-element_type=\"widget\" data-e-type=\"widget\" data-settings=\"{&quot;classic_columns&quot;:&quot;3&quot;,&quot;classic_columns_tablet&quot;:&quot;2&quot;,&quot;classic_columns_mobile&quot;:&quot;1&quot;,&quot;classic_row_gap&quot;:{&quot;unit&quot;:&quot;px&quot;,&quot;size&quot;:35,&quot;sizes&quot;:[]},&quot;classic_row_gap_tablet&quot;:{&quot;unit&quot;:&quot;px&quot;,&quot;size&quot;:&quot;&quot;,&quot;sizes&quot;:[]},&quot;classic_row_gap_mobile&quot;:{&quot;unit&quot;:&quot;px&quot;,&quot;size&quot;:&quot;&quot;,&quot;sizes&quot;:[]}}\" data-widget_type=\"posts.classic\"> \t\t\t\t<div class=\"elementor-widget-container\"> \t\t\t\t\t\t\t<div class=\"elementor-posts-container elementor-posts elementor-posts--skin-classic elementor-grid\" role=\"list\"> \t\t\t\t<article class=\"elementor-post elementor-grid-item post-3154 post type-post status-publish format-standard has-post-thumbnail hentry category-vegetable-transplanter tag-flower-transplanter tag-peony-transplanter tag-peony-transplanting tag-transplant tag-transplanting-machine\" role=\"listitem\"> \t\t\t\t<a class=\"elementor-post__thumbnail__link\" href=\"https:\/\/nurseryseedingmachine.com\/vi\/peony-transplanter\/\" tabindex=\"-1\" > \t\t\t<div class=\"elementor-post__thumbnail\"><img fetchpriority=\"high\" decoding=\"async\" width=\"720\" height=\"540\" src=\"https:\/\/nurseryseedingmachine.com\/wp-content\/uploads\/2022\/05\/Peony-Transplanter.webp\" class=\"attachment-full size-full wp-image-8418\" alt=\"M\u00e1y c\u1ea5y hoa m\u1eabu \u0111\u01a1n\" \/><\/div> \t\t<\/a> \t\t\t\t<div class=\"elementor-post__text\"> \t\t\t\t<h2 class=\"elementor-post__title\"> \t\t\t<a href=\"https:\/\/nurseryseedingmachine.com\/vi\/peony-transplanter\/\" > \t\t\t\tM\u00e1y c\u1ea5y hoa m\u1eabu \u0111\u01a1n | M\u00e1y c\u1ea5y rau\t\t\t<\/a> \t\t<\/h2> \t\t\t\t<\/div> \t\t\t\t<\/article> \t\t\t\t<article class=\"elementor-post elementor-grid-item post-3073 post type-post status-publish format-standard has-post-thumbnail hentry category-vegetable-transplanter tag-lettuce-seedlings tag-lettuce-transplanter tag-planting-lettuce-seeds tag-romaine-lettuce tag-transplant tag-transplanting-lettuce-seedlings tag-vegetable-transplanter\" role=\"listitem\"> \t\t\t\t<a class=\"elementor-post__thumbnail__link\" href=\"https:\/\/nurseryseedingmachine.com\/vi\/lettuce-transplanter\/\" tabindex=\"-1\" > \t\t\t<div class=\"elementor-post__thumbnail\"><img decoding=\"async\" width=\"720\" height=\"540\" src=\"https:\/\/nurseryseedingmachine.com\/wp-content\/uploads\/2022\/04\/Lettuce-Transplanter.webp\" class=\"attachment-full size-full wp-image-8421\" alt=\"M\u00e1y c\u1ea5y rau di\u1ebfp\" \/><\/div> \t\t<\/a> \t\t\t\t<div class=\"elementor-post__text\"> \t\t\t\t<h2 class=\"elementor-post__title\"> \t\t\t<a href=\"https:\/\/nurseryseedingmachine.com\/vi\/lettuce-transplanter\/\" > \t\t\t\tM\u00e1y c\u1ea5y rau di\u1ebfp\t\t\t<\/a> \t\t<\/h2> \t\t\t\t<\/div> \t\t\t\t<\/article> \t\t\t\t<article class=\"elementor-post elementor-grid-item post-3038 post type-post status-publish format-standard has-post-thumbnail hentry category-vegetable-transplanter tag-cucumber-transplanter tag-transplant\" role=\"listitem\"> \t\t\t\t<a class=\"elementor-post__thumbnail__link\" href=\"https:\/\/nurseryseedingmachine.com\/vi\/cucumber-transplanter\/\" tabindex=\"-1\" > \t\t\t<div class=\"elementor-post__thumbnail\"><img decoding=\"async\" width=\"720\" height=\"540\" src=\"https:\/\/nurseryseedingmachine.com\/wp-content\/uploads\/2022\/04\/Cucumber-Transplanter.webp\" class=\"attachment-full size-full wp-image-8423\" alt=\"M\u00e1y c\u1ea5y d\u01b0a chu\u1ed9t\" \/><\/div> \t\t<\/a> \t\t\t\t<div class=\"elementor-post__text\"> \t\t\t\t<h2 class=\"elementor-post__title\"> \t\t\t<a href=\"https:\/\/nurseryseedingmachine.com\/vi\/cucumber-transplanter\/\" > \t\t\t\tM\u00e1y c\u1ea5y d\u01b0a chu\u1ed9t\t\t\t<\/a> \t\t<\/h2> \t\t\t\t<\/div> \t\t\t\t<\/article> \t\t\t\t<article class=\"elementor-post elementor-grid-item post-2585 post type-post status-publish format-standard has-post-thumbnail hentry category-nursery-seeding tag-flower-nursery-seedling-machine tag-seeding\" role=\"listitem\"> \t\t\t\t<a class=\"elementor-post__thumbnail__link\" href=\"https:\/\/nurseryseedingmachine.com\/vi\/flower-nursery-seedling-machine\/\" tabindex=\"-1\" > \t\t\t<div class=\"elementor-post__thumbnail\"><img loading=\"lazy\" decoding=\"async\" width=\"720\" height=\"540\" src=\"https:\/\/nurseryseedingmachine.com\/wp-content\/uploads\/2022\/03\/flower-nursery-seedling-machine.webp\" class=\"attachment-full size-full wp-image-8416\" alt=\"M\u00e1y \u01b0\u01a1m c\u00e2y gi\u1ed1ng hoa\" \/><\/div> \t\t<\/a> \t\t\t\t<div class=\"elementor-post__text\"> \t\t\t\t<h2 class=\"elementor-post__title\"> \t\t\t<a href=\"https:\/\/nurseryseedingmachine.com\/vi\/flower-nursery-seedling-machine\/\" > \t\t\t\tM\u00e1y \u01b0\u01a1m c\u00e2y gi\u1ed1ng hoa\t\t\t<\/a> \t\t<\/h2> \t\t\t\t<\/div> \t\t\t\t<\/article> \t\t\t\t<article class=\"elementor-post elementor-grid-item post-2558 post type-post status-publish format-standard has-post-thumbnail hentry category-nursery-seeding tag-seeding tag-vegetable-nursery-seedling-machine\" role=\"listitem\"> \t\t\t\t<a class=\"elementor-post__thumbnail__link\" href=\"https:\/\/nurseryseedingmachine.com\/vi\/vegetable-nursery-seedling-machine\/\" tabindex=\"-1\" > \t\t\t<div class=\"elementor-post__thumbnail\"><img loading=\"lazy\" decoding=\"async\" width=\"720\" height=\"540\" src=\"https:\/\/nurseryseedingmachine.com\/wp-content\/uploads\/2022\/03\/Vegetable-Nursery-Seedling-Machine.webp\" class=\"attachment-full size-full wp-image-8443\" alt=\"M\u00e1y \u01b0\u01a1m rau \u01b0\u01a1m\" \/><\/div> \t\t<\/a> \t\t\t\t<div class=\"elementor-post__text\"> \t\t\t\t<h2 class=\"elementor-post__title\"> \t\t\t<a href=\"https:\/\/nurseryseedingmachine.com\/vi\/vegetable-nursery-seedling-machine\/\" > \t\t\t\t\u00a0M\u00e1y \u01b0\u01a1m rau \u01b0\u01a1m\t\t\t<\/a> \t\t<\/h2> \t\t\t\t<\/div> \t\t\t\t<\/article> \t\t\t\t<article class=\"elementor-post elementor-grid-item post-2522 post type-post status-publish format-standard has-post-thumbnail hentry category-nursery-seeding tag-melon-nursery-seedling-machine tag-seeding\" role=\"listitem\"> \t\t\t\t<a class=\"elementor-post__thumbnail__link\" href=\"https:\/\/nurseryseedingmachine.com\/vi\/melon-nursery-seedling-machine\/\" tabindex=\"-1\" > \t\t\t<div class=\"elementor-post__thumbnail\"><img loading=\"lazy\" decoding=\"async\" width=\"720\" height=\"540\" src=\"https:\/\/nurseryseedingmachine.com\/wp-content\/uploads\/2022\/03\/Melon-Nursery-Seedling-Machine.webp\" class=\"attachment-full size-full wp-image-8412\" alt=\"M\u00e1y \u01b0\u01a1m c\u00e2y d\u01b0a\" \/><\/div> \t\t<\/a> \t\t\t\t<div class=\"elementor-post__text\"> \t\t\t\t<h2 class=\"elementor-post__title\"> \t\t\t<a href=\"https:\/\/nurseryseedingmachine.com\/vi\/melon-nursery-seedling-machine\/\" > \t\t\t\tM\u00e1y \u01b0\u01a1m c\u00e2y d\u01b0a\t\t\t<\/a> \t\t<\/h2> \t\t\t\t<\/div> \t\t\t\t<\/article> \t\t\t\t<article class=\"elementor-post elementor-grid-item post-2475 post type-post status-publish format-standard has-post-thumbnail hentry category-vegetable-transplanter tag-tobacco-transplanter tag-transplant\" role=\"listitem\"> \t\t\t\t<a class=\"elementor-post__thumbnail__link\" href=\"https:\/\/nurseryseedingmachine.com\/vi\/tobacco-transplanter-vegetable-transplanter\/\" tabindex=\"-1\" > \t\t\t<div class=\"elementor-post__thumbnail\"><img loading=\"lazy\" decoding=\"async\" width=\"720\" height=\"540\" src=\"https:\/\/nurseryseedingmachine.com\/wp-content\/uploads\/2022\/03\/Tobacco-Transplanter.webp\" class=\"attachment-full size-full wp-image-8410\" alt=\"M\u00e1y c\u1ea5y thu\u1ed1c l\u00e1\" \/><\/div> \t\t<\/a> \t\t\t\t<div class=\"elementor-post__text\"> \t\t\t\t<h2 class=\"elementor-post__title\"> \t\t\t<a href=\"https:\/\/nurseryseedingmachine.com\/vi\/tobacco-transplanter-vegetable-transplanter\/\" > \t\t\t\tM\u00e1y c\u1ea5y thu\u1ed1c l\u00e1\t\t\t<\/a> \t\t<\/h2> \t\t\t\t<\/div> \t\t\t\t<\/article> \t\t\t\t<article class=\"elementor-post elementor-grid-item post-2440 post type-post status-publish format-standard has-post-thumbnail hentry category-vegetable-transplanter tag-hemp-transplanter tag-transplant\" role=\"listitem\"> \t\t\t\t<a class=\"elementor-post__thumbnail__link\" href=\"https:\/\/nurseryseedingmachine.com\/vi\/hemp-transplanter\/\" tabindex=\"-1\" > \t\t\t<div class=\"elementor-post__thumbnail\"><img loading=\"lazy\" decoding=\"async\" width=\"720\" height=\"540\" src=\"https:\/\/nurseryseedingmachine.com\/wp-content\/uploads\/2022\/03\/Hemp-Transplanter.webp\" class=\"attachment-full size-full wp-image-8425\" alt=\"M\u00e1y c\u1ea5y c\u00e2y gai d\u1ea7u\" \/><\/div> \t\t<\/a> \t\t\t\t<div class=\"elementor-post__text\"> \t\t\t\t<h2 class=\"elementor-post__title\"> \t\t\t<a href=\"https:\/\/nurseryseedingmachine.com\/vi\/hemp-transplanter\/\" > \t\t\t\tM\u00e1y c\u1ea5y c\u00e2y gai d\u1ea7u\t\t\t<\/a> \t\t<\/h2> \t\t\t\t<\/div> \t\t\t\t<\/article> \t\t\t\t<article class=\"elementor-post elementor-grid-item post-2400 post type-post status-publish format-standard has-post-thumbnail hentry category-vegetable-transplanter tag-chili-transplanter tag-self-propelled-transplanter tag-transplant tag-transplanting-machine\" role=\"listitem\"> \t\t\t\t<a class=\"elementor-post__thumbnail__link\" href=\"https:\/\/nurseryseedingmachine.com\/vi\/chili-pepper-seedlings-transplanting-machine-self-propelled-transplanter\/\" tabindex=\"-1\" > \t\t\t<div class=\"elementor-post__thumbnail\"><img loading=\"lazy\" decoding=\"async\" width=\"720\" height=\"540\" src=\"https:\/\/nurseryseedingmachine.com\/wp-content\/uploads\/2022\/03\/Self-propelled-Chili-Pepper-Seedlings-Transplanter.webp\" class=\"attachment-full size-full wp-image-8427\" alt=\"M\u00e1y c\u1ea5y gi\u1ed1ng \u1edbt t\u1ef1 h\u00e0nh\" \/><\/div> \t\t<\/a> \t\t\t\t<div class=\"elementor-post__text\"> \t\t\t\t<h2 class=\"elementor-post__title\"> \t\t\t<a href=\"https:\/\/nurseryseedingmachine.com\/vi\/chili-pepper-seedlings-transplanting-machine-self-propelled-transplanter\/\" > \t\t\t\tM\u00e1y c\u1ea5y c\u00e2y gi\u1ed1ng \u1edbt\t\t\t<\/a> \t\t<\/h2> \t\t\t\t<\/div> \t\t\t\t<\/article> \t\t\t\t<article class=\"elementor-post elementor-grid-item post-2354 post type-post status-publish format-standard has-post-thumbnail hentry category-vegetable-transplanter tag-tomato-transplanter\" role=\"listitem\"> \t\t\t\t<a class=\"elementor-post__thumbnail__link\" href=\"https:\/\/nurseryseedingmachine.com\/vi\/tomato-transplanter-vegetable-transplanter-crawler-transplanter\/\" tabindex=\"-1\" > \t\t\t<div class=\"elementor-post__thumbnail\"><img loading=\"lazy\" decoding=\"async\" width=\"720\" height=\"540\" src=\"https:\/\/nurseryseedingmachine.com\/wp-content\/uploads\/2022\/02\/Crawler-Type-Tomato-Transplanter-Machine.webp\" class=\"attachment-full size-full wp-image-8429\" alt=\"M\u00e1y c\u1ea5y c\u00e0 chua lo\u1ea1i b\u00e1nh x\u00edch\" \/><\/div> \t\t<\/a> \t\t\t\t<div class=\"elementor-post__text\"> \t\t\t\t<h2 class=\"elementor-post__title\"> \t\t\t<a href=\"https:\/\/nurseryseedingmachine.com\/vi\/tomato-transplanter-vegetable-transplanter-crawler-transplanter\/\" > \t\t\t\tM\u00e1y c\u1ea5y c\u00e0 chua lo\u1ea1i b\u00e1nh x\u00edch\t\t\t<\/a> \t\t<\/h2> \t\t\t\t<\/div> \t\t\t\t<\/article> \t\t\t\t<article class=\"elementor-post elementor-grid-item post-2092 post type-post status-publish format-standard has-post-thumbnail hentry category-vegetable-transplanter tag-transplant\" role=\"listitem\"> \t\t\t\t<a class=\"elementor-post__thumbnail__link\" href=\"https:\/\/nurseryseedingmachine.com\/vi\/onion-transplanter-tractor-type-vegetable-transplanter\/\" tabindex=\"-1\" > \t\t\t<div class=\"elementor-post__thumbnail\"><img loading=\"lazy\" decoding=\"async\" width=\"720\" height=\"540\" src=\"https:\/\/nurseryseedingmachine.com\/wp-content\/uploads\/2022\/02\/Tractor-Type-Onion-Transplanter-Machine.webp\" class=\"attachment-full size-full wp-image-8431\" alt=\"M\u00e1y c\u1ea5y h\u00e0nh t\u00e2y lo\u1ea1i m\u00e1y k\u00e9o\" \/><\/div> \t\t<\/a> \t\t\t\t<div class=\"elementor-post__text\"> \t\t\t\t<h2 class=\"elementor-post__title\"> \t\t\t<a href=\"https:\/\/nurseryseedingmachine.com\/vi\/onion-transplanter-tractor-type-vegetable-transplanter\/\" > \t\t\t\tM\u00e1y c\u1ea5y h\u00e0nh t\u00e2y \u0111\u1ec3 tr\u1ed3ng c\u00e2y con\t\t\t<\/a> \t\t<\/h2> \t\t\t\t<\/div> \t\t\t\t<\/article> \t\t\t\t<article class=\"elementor-post elementor-grid-item post-1989 post type-post status-publish format-standard has-post-thumbnail hentry category-nursery-seeding tag-automatic-seeding-machine tag-seeding\" role=\"listitem\"> \t\t\t\t<a class=\"elementor-post__thumbnail__link\" href=\"https:\/\/nurseryseedingmachine.com\/vi\/automatic-seeding-machine-for-fruits-vegetables-and-flowers\/\" tabindex=\"-1\" > \t\t\t<div class=\"elementor-post__thumbnail\"><img loading=\"lazy\" decoding=\"async\" width=\"720\" height=\"540\" src=\"https:\/\/nurseryseedingmachine.com\/wp-content\/uploads\/2022\/02\/automatic-seeding-machine.webp\" class=\"attachment-full size-full wp-image-8441\" alt=\"M\u00e1y gieo h\u1ea1t t\u1ef1 \u0111\u1ed9ng\" \/><\/div> \t\t<\/a> \t\t\t\t<div class=\"elementor-post__text\"> \t\t\t\t<h2 class=\"elementor-post__title\"> \t\t\t<a href=\"https:\/\/nurseryseedingmachine.com\/vi\/automatic-seeding-machine-for-fruits-vegetables-and-flowers\/\" > \t\t\t\tM\u00e1y gieo h\u1ea1t t\u1ef1 \u0111\u1ed9ng cho tr\u00e1i c\u00e2y, rau v\u00e0 hoa\t\t\t<\/a> \t\t<\/h2> \t\t\t\t<\/div> \t\t\t\t<\/article> \t\t\t\t<article class=\"elementor-post elementor-grid-item post-923 post type-post status-publish format-standard has-post-thumbnail hentry category-nursery-seeding tag-cabbage tag-cauliflower tag-cucumber tag-onion tag-pepper tag-seeding tag-vegetable tag-vegetable-nursery-seeder-machine\" role=\"listitem\"> \t\t\t\t<a class=\"elementor-post__thumbnail__link\" href=\"https:\/\/nurseryseedingmachine.com\/vi\/vegetable-nursery-seeder-greenhouse-seeding-machine\/\" tabindex=\"-1\" > \t\t\t<div class=\"elementor-post__thumbnail\"><img loading=\"lazy\" decoding=\"async\" width=\"720\" height=\"540\" src=\"https:\/\/nurseryseedingmachine.com\/wp-content\/uploads\/2021\/04\/vegetable-nursery-seeder-machine.webp\" class=\"attachment-full size-full wp-image-8414\" alt=\"M\u00e1y gieo h\u1ea1t rau \u01b0\u01a1m\" \/><\/div> \t\t<\/a> \t\t\t\t<div class=\"elementor-post__text\"> \t\t\t\t<h2 class=\"elementor-post__title\"> \t\t\t<a href=\"https:\/\/nurseryseedingmachine.com\/vi\/vegetable-nursery-seeder-greenhouse-seeding-machine\/\" > \t\t\t\tM\u00e1y gieo h\u1ea1t rau \u01b0\u01a1m \u0111\u1ec3 gieo h\u1ea1t trong nh\u00e0 k\u00ednh\t\t\t<\/a> \t\t<\/h2> \t\t\t\t<\/div> \t\t\t\t<\/article> \t\t\t\t<article class=\"elementor-post elementor-grid-item post-583 post type-post status-publish format-standard has-post-thumbnail hentry category-vegetable-transplanter tag-seedlings-transplanting tag-transplant\" role=\"listitem\"> \t\t\t\t<a class=\"elementor-post__thumbnail__link\" href=\"https:\/\/nurseryseedingmachine.com\/vi\/vegetable-transplanter-seedling-transplanter-machine\/\" tabindex=\"-1\" > \t\t\t<div class=\"elementor-post__thumbnail\"><img loading=\"lazy\" decoding=\"async\" width=\"720\" height=\"540\" src=\"https:\/\/nurseryseedingmachine.com\/wp-content\/uploads\/2020\/01\/Vegetable-Transplanter-.webp\" class=\"attachment-full size-full wp-image-8408\" alt=\"M\u00e1y c\u1ea5y rau\" \/><\/div> \t\t<\/a> \t\t\t\t<div class=\"elementor-post__text\"> \t\t\t\t<h2 class=\"elementor-post__title\"> \t\t\t<a href=\"https:\/\/nurseryseedingmachine.com\/vi\/vegetable-transplanter-seedling-transplanter-machine\/\" > \t\t\t\tM\u00e1y c\u1ea5y rau cho c\u00e2y h\u00e0nh, c\u00e0 chua, b\u1eafp c\u1ea3i\t\t\t<\/a> \t\t<\/h2> \t\t\t\t<\/div> \t\t\t\t<\/article> \t\t\t\t<article class=\"elementor-post elementor-grid-item post-513 post type-post status-publish format-standard has-post-thumbnail hentry category-nursery-seeding tag-nursery-seeding-machine tag-nursery-sowing-machine tag-seeding\" role=\"listitem\"> \t\t\t\t<a class=\"elementor-post__thumbnail__link\" href=\"https:\/\/nurseryseedingmachine.com\/vi\/nursery-seeding-machine-sowing-machine\/\" tabindex=\"-1\" > \t\t\t<div class=\"elementor-post__thumbnail\"><img loading=\"lazy\" decoding=\"async\" width=\"720\" height=\"540\" src=\"https:\/\/nurseryseedingmachine.com\/wp-content\/uploads\/2020\/01\/Nursery-Seeding-Machine.webp\" class=\"attachment-full size-full wp-image-8406\" alt=\"M\u00e1y gieo h\u1ea1t v\u01b0\u1eddn \u01b0\u01a1m\" \/><\/div> \t\t<\/a> \t\t\t\t<div class=\"elementor-post__text\"> \t\t\t\t<h2 class=\"elementor-post__title\"> \t\t\t<a href=\"https:\/\/nurseryseedingmachine.com\/vi\/nursery-seeding-machine-sowing-machine\/\" > \t\t\t\tM\u00e1y gieo h\u1ea1t v\u01b0\u1eddn \u01b0\u01a1m t\u1ef1 \u0111\u1ed9ng \u0111\u1ec3 gieo h\u1ea1t gi\u1ed1ng rau kh\u00e1c nhau\t\t\t<\/a> \t\t<\/h2> \t\t\t\t<\/div> \t\t\t\t<\/article> \t\t\t\t<article class=\"elementor-post elementor-grid-item post-470 post type-post status-publish format-standard has-post-thumbnail hentry category-nursery-seeding tag-seeding tag-seeding-machine tag-semi-automatic-nursery-seeding-machine\" role=\"listitem\"> \t\t\t\t<a class=\"elementor-post__thumbnail__link\" href=\"https:\/\/nurseryseedingmachine.com\/vi\/semi-automatic-nursery-seeding-machine\/\" tabindex=\"-1\" > \t\t\t<div class=\"elementor-post__thumbnail\"><img loading=\"lazy\" decoding=\"async\" width=\"720\" height=\"540\" src=\"https:\/\/nurseryseedingmachine.com\/wp-content\/uploads\/2020\/01\/Semi-automatic-Nursery-Seeding-Machine.webp\" class=\"attachment-full size-full wp-image-8397\" alt=\"m\u00e1y gieo h\u1ea1t \u01b0\u01a1m b\u00e1n t\u1ef1 \u0111\u1ed9ng\" \/><\/div> \t\t<\/a> \t\t\t\t<div class=\"elementor-post__text\"> \t\t\t\t<h2 class=\"elementor-post__title\"> \t\t\t<a href=\"https:\/\/nurseryseedingmachine.com\/vi\/semi-automatic-nursery-seeding-machine\/\" > \t\t\t\tC\u1ea7n b\u00e1n m\u00e1y gieo h\u1ea1t \u01b0\u01a1m b\u00e1n t\u1ef1 \u0111\u1ed9ng\t\t\t<\/a> \t\t<\/h2> \t\t\t\t<\/div> \t\t\t\t<\/article> \t\t\t\t<article class=\"elementor-post elementor-grid-item post-372 post type-post status-publish format-standard has-post-thumbnail hentry category-seedling-trays tag-seedling-trays\" role=\"listitem\"> \t\t\t\t<a class=\"elementor-post__thumbnail__link\" href=\"https:\/\/nurseryseedingmachine.com\/vi\/seedling-trays-plastic-nursery-tray\/\" tabindex=\"-1\" > \t\t\t<div class=\"elementor-post__thumbnail\"><img loading=\"lazy\" decoding=\"async\" width=\"900\" height=\"400\" src=\"https:\/\/nurseryseedingmachine.com\/wp-content\/uploads\/2020\/01\/seedling-trays.jpg\" class=\"attachment-full size-full wp-image-2323\" alt=\"khay \u01b0\u01a1m c\u00e2y gi\u1ed1ng\" srcset=\"https:\/\/nurseryseedingmachine.com\/wp-content\/uploads\/2020\/01\/seedling-trays.jpg 900w, https:\/\/nurseryseedingmachine.com\/wp-content\/uploads\/2020\/01\/seedling-trays-768x341.jpg 768w\" sizes=\"(max-width: 900px) 100vw, 900px\" \/><\/div> \t\t<\/a> \t\t\t\t<div class=\"elementor-post__text\"> \t\t\t\t<h2 class=\"elementor-post__title\"> \t\t\t<a href=\"https:\/\/nurseryseedingmachine.com\/vi\/seedling-trays-plastic-nursery-tray\/\" > \t\t\t\tKhay \u01b0\u01a1m h\u1ea1t gi\u1ed1ng hoa, rau\t\t\t<\/a> \t\t<\/h2> \t\t\t\t<\/div> \t\t\t\t<\/article> \t\t\t\t<\/div> \t\t \t\t\t\t\t\t<\/div> \t\t\t\t<\/div> \t\t\t\t\t<\/div> \t\t\t\t<\/div> \t\t\t\t<\/div>","protected":false},"excerpt":{"rendered":"<p>M\u00e1y gieo h\u1ea1t trong v\u01b0\u1eddn \u01b0\u01a1m<\/p>","protected":false},"author":1,"featured_media":0,"parent":0,"menu_order":0,"comment_status":"closed","ping_status":"closed","template":"","meta":{"footnotes":""},"class_list":["post-411","page","type-page","status-publish","hentry"],"_links":{"self":[{"href":"https:\/\/nurseryseedingmachine.com\/vi\/wp-json\/wp\/v2\/pages\/411","targetHints":{"allow":["GET"]}}],"collection":[{"href":"https:\/\/nurseryseedingmachine.com\/vi\/wp-json\/wp\/v2\/pages"}],"about":[{"href":"https:\/\/nurseryseedingmachine.com\/vi\/wp-json\/wp\/v2\/types\/page"}],"author":[{"embeddable":true,"href":"https:\/\/nurseryseedingmachine.com\/vi\/wp-json\/wp\/v2\/users\/1"}],"replies":[{"embeddable":true,"href":"https:\/\/nurseryseedingmachine.com\/vi\/wp-json\/wp\/v2\/comments?post=411"}],"version-history":[{"count":0,"href":"https:\/\/nurseryseedingmachine.com\/vi\/wp-json\/wp\/v2\/pages\/411\/revisions"}],"wp:attachment":[{"href":"https:\/\/nurseryseedingmachine.com\/vi\/wp-json\/wp\/v2\/media?parent=411"}],"curies":[{"name":"wp","href":"https:\/\/api.w.org\/{rel}","templated":true}]}}